{"id":3915,"date":"2022-07-25T15:19:20","date_gmt":"2022-07-25T15:19:20","guid":{"rendered":"https:\/\/kmtraining.wpengine.com\/?page_id=3915"},"modified":"2025-09-24T19:11:16","modified_gmt":"2025-09-24T19:11:16","slug":"the-knowledge-management-pocket-guide","status":"publish","type":"page","link":"https:\/\/kmtraining.org\/fr\/the-knowledge-management-pocket-guide\/","title":{"rendered":"Le guide de poche de gestion des connaissances pour les programmes de sant\u00e9 mondiale"},"content":{"rendered":"<div class=\"wpb-content-wrapper\"><div class=\"vc_row wpb_row vc_row-fluid\" ><div class=\"wpb_column vc_column_container vc_col-sm-12 vc_hidden-xs\"><div class=\"vc_column-inner\"><div class=\"wpb_wrapper\"><div class=\"vc_empty_space\"   style=\"height: 150px\"><span class=\"vc_empty_space_inner\"><\/span><\/div><\/div><\/div><\/div><\/div><div class=\"vc_row wpb_row vc_row-fluid\" ><div class=\"wpb_column vc_column_container vc_col-sm-3\"><div class=\"vc_column-inner\"><div class=\"wpb_wrapper\"><div class=\"vc_empty_space\"   style=\"height: 40px\"><span class=\"vc_empty_space_inner\"><\/span><\/div><div class=\"eltdf-elements-holder   eltdf-one-column  eltdf-responsive-mode-768\" ><div class=\"eltdf-eh-item\"  data-item-class=\"eltdf-eh-custom-1471\" data-769-1024=\"5px 10px 5px 10px\" data-681-768=\"5px 10px 5px 10px\" data-680=\"5px 10px 5px 10px\">\n\t<div class=\"eltdf-eh-item-inner\">\n\t\t<div class=\"eltdf-eh-item-content eltdf-eh-custom-1471\" >\n\t\t\t<div class=\"eltdf-single-image-holder\">\n\t<div class=\"eltdf-si-inner\" >\n\t\t\t\t\t\t\t\t\t<img loading=\"lazy\" decoding=\"async\" width=\"1200\" height=\"1200\" src=\"https:\/\/kmtraining.org\/wp-content\/uploads\/2022\/07\/icons-PocketGuide.png\" class=\"attachment-full size-full\" alt=\"\" srcset=\"https:\/\/kmtraining.org\/wp-content\/uploads\/2022\/07\/icons-PocketGuide.png 1200w, https:\/\/kmtraining.org\/wp-content\/uploads\/2022\/07\/icons-PocketGuide-300x300.png 300w, https:\/\/kmtraining.org\/wp-content\/uploads\/2022\/07\/icons-PocketGuide-1024x1024.png 1024w, https:\/\/kmtraining.org\/wp-content\/uploads\/2022\/07\/icons-PocketGuide-150x150.png 150w, https:\/\/kmtraining.org\/wp-content\/uploads\/2022\/07\/icons-PocketGuide-768x768.png 768w, https:\/\/kmtraining.org\/wp-content\/uploads\/2022\/07\/icons-PocketGuide-600x600.png 600w, https:\/\/kmtraining.org\/wp-content\/uploads\/2022\/07\/icons-PocketGuide-650x650.png 650w\" sizes=\"auto, (max-width: 1200px) 100vw, 1200px\" \/>\t\t\t\t\t\t<\/div>\n<\/div>\n\t\t<\/div>\n\t<\/div>\n<\/div><\/div><\/div><\/div><\/div><div class=\"wpb_column vc_column_container vc_col-sm-6\"><div class=\"vc_column-inner\"><div class=\"wpb_wrapper\"><div class=\"eltdf-elements-holder   eltdf-one-column  eltdf-responsive-mode-768\" ><div class=\"eltdf-eh-item\"  data-item-class=\"eltdf-eh-custom-3479\" data-769-1024=\"5px 10px 5px 10px\" data-681-768=\"5px 10px 5px 10px\" data-680=\"5px 10px 5px 10px\">\n\t<div class=\"eltdf-eh-item-inner\">\n\t\t<div class=\"eltdf-eh-item-content eltdf-eh-custom-3479\" >\n\t\t\t\n\t<div class=\"wpb_text_column wpb_content_element\" >\n\t\t<div class=\"wpb_wrapper\">\n\t\t\t<h3><b><span data-contrast=\"none\">Le Guide de poche KM est une r\u00e9f\u00e9rence rapide sur la mani\u00e8re d&#039;appliquer la feuille de route en cinq \u00e9tapes de la KM dans les programmes de sant\u00e9 mondiale.<\/span><\/b><span data-ccp-props=\"{&quot;201341983&quot;:2,&quot;335559740&quot;:270}\">\u00a0<\/span><\/h3>\n<p><span data-ccp-props=\"{&quot;201341983&quot;:2,&quot;335559740&quot;:270}\">\u00a0<\/span><span data-contrast=\"none\">En suivant le processus familier en cinq \u00e9tapes de la feuille de route GC, vous pouvez int\u00e9grer la gestion des connaissances de mani\u00e8re syst\u00e9matique et strat\u00e9gique dans les programmes de sant\u00e9 mondiale.<\/span><span data-ccp-props=\"{&quot;201341983&quot;:2,&quot;335559740&quot;:270}\">\u00a0<\/span><\/p>\n<p><span data-contrast=\"none\">Ce guide de poche sur la gestion des connaissances fournit au personnel des programmes de sant\u00e9 mondiale \u00e0 travers le syst\u00e8me de sant\u00e9 \u2013 depuis les agents de sant\u00e9 de premi\u00e8re ligne et les prestataires cliniques jusqu&#039;aux gestionnaires de programmes, d\u00e9cideurs politiques et donateurs \u2013 un aper\u00e7u de la mani\u00e8re d&#039;utiliser la gestion des connaissances pour obtenir les informations et le savoir-faire dont ils ont besoin. lorsqu&#039;ils en ont besoin, pour am\u00e9liorer leurs programmes de sant\u00e9 et, en fin de compte, contribuer \u00e0 sauver et \u00e0 am\u00e9liorer la vie des clients. Il fournit \u00e9galement des orientations sur la mani\u00e8re d\u2019int\u00e9grer les principes et pratiques d\u2019\u00e9quit\u00e9 dans les syst\u00e8mes et processus de gestion des connaissances pour obtenir des r\u00e9sultats meilleurs et plus \u00e9gaux entre les membres du personnel de sant\u00e9.<\/span><span data-ccp-props=\"{&quot;201341983&quot;:2,&quot;335559740&quot;:270}\">\u00a0<\/span><\/p>\n\n\t\t<\/div>\n\t<\/div>\n<div class=\"vc_empty_space\"   style=\"height: 32px\"><span class=\"vc_empty_space_inner\"><\/span><\/div><div class=\"eltdf-iwt clearfix  eltdf-iwt-icon-left-from-title eltdf-iwt-icon-tiny eltdf-iwt-position-text_center\">\n\t<div class=\"eltdf-iwt-content\" >\n\t\t\t\t\t<h4 class=\"eltdf-iwt-title\" >\n\t\t\t\t\t\t\t\t\t<a itemprop=\"url\" href=\"https:\/\/kmtraining.org\/wp-content\/uploads\/2022\/07\/km-pocket-guide-second-edition.pdf\" target=\"_self\">\n\t\t\t\t\t\t\t\t\t<span class=\"eltdf-iwt-icon\">\n\t\t\t\t\t\t\t\t\t\t\t\t\t    <span class=\"eltdf-icon-shortcode eltdf-normal   eltdf-icon-tiny\"  data-color=\"#0099a8\">\n                    <i class=\"eltdf-icon-dripicons dripicon dripicons-download eltdf-icon-element\" style=\"color: #0099a8\" ><\/i>            <\/span>\n\t\t\t\t\t\t\t\t\t\t\t<\/span>\n\t\t\t\t\t<span class=\"eltdf-iwt-title-text\">Anglais<\/span>\n\t\t\t\t\t\t\t\t\t<\/a>\n\t\t\t\t\t\t\t<\/h4>\n\t\t\t\t\t<\/div>\n<\/div><div class=\"vc_empty_space\"   style=\"height: 20px\"><span class=\"vc_empty_space_inner\"><\/span><\/div><div class=\"eltdf-iwt clearfix  eltdf-iwt-icon-left-from-title eltdf-iwt-icon-tiny eltdf-iwt-position-text_center\">\n\t<div class=\"eltdf-iwt-content\" >\n\t\t\t\t\t<h4 class=\"eltdf-iwt-title\" >\n\t\t\t\t\t\t\t\t\t<a itemprop=\"url\" href=\"https:\/\/kmtraining.org\/wp-content\/uploads\/2022\/08\/km-pocket-guide-second-edition-fr.pdf\" target=\"_self\">\n\t\t\t\t\t\t\t\t\t<span class=\"eltdf-iwt-icon\">\n\t\t\t\t\t\t\t\t\t\t\t\t\t    <span class=\"eltdf-icon-shortcode eltdf-normal   eltdf-icon-tiny\"  data-color=\"#0099a8\">\n                    <i class=\"eltdf-icon-dripicons dripicon dripicons-download eltdf-icon-element\" style=\"color: #0099a8\" ><\/i>            <\/span>\n\t\t\t\t\t\t\t\t\t\t\t<\/span>\n\t\t\t\t\t<span class=\"eltdf-iwt-title-text\">Fran\u00e7ais<\/span>\n\t\t\t\t\t\t\t\t\t<\/a>\n\t\t\t\t\t\t\t<\/h4>\n\t\t\t\t\t<\/div>\n<\/div>\t\t<\/div>\n\t<\/div>\n<\/div><\/div><\/div><\/div><\/div><div class=\"wpb_column vc_column_container vc_col-sm-3\"><div class=\"vc_column-inner\"><div class=\"wpb_wrapper\"><div class=\"eltdf-elements-holder   eltdf-one-column  eltdf-responsive-mode-768\" ><div class=\"eltdf-eh-item\"  data-item-class=\"eltdf-eh-custom-9770\" data-769-1024=\"5px 10px 5px 10px\" data-681-768=\"5px 10px 5px 10px\" data-680=\"5px 10px 5px 10px\">\n\t<div class=\"eltdf-eh-item-inner\">\n\t\t<div class=\"eltdf-eh-item-content eltdf-eh-custom-9770\" >\n\t\t\t\n\t<div class=\"wpb_text_column wpb_content_element\" >\n\t\t<div class=\"wpb_wrapper\">\n\t\t\t<h5><b><span data-contrast=\"none\">D\u00e9couvrez notre famille de ressources<\/span><\/b><span data-ccp-props=\"{&quot;201341983&quot;:2,&quot;335559740&quot;:270}\">\u00a0<\/span><\/h5>\n<p aria-level=\"5\"><span data-contrast=\"none\">Explorez les autres \u00e9l\u00e9ments de notre famille de ressources de GC con\u00e7ues pour aider les professionnels de la sant\u00e9 mondiale \u00e0 comprendre, utiliser et former les autres sur les approches, les outils et les techniques de GC.<\/span><span data-ccp-props=\"{&quot;134233117&quot;:false,&quot;134233118&quot;:false,&quot;201341983&quot;:0,&quot;335559738&quot;:0,&quot;335559739&quot;:0,&quot;335559740&quot;:276}\">\u00a0<\/span><\/p>\n<p aria-level=\"5\"><b><span data-contrast=\"none\"><img loading=\"lazy\" decoding=\"async\" class=\"alignnone wp-image-3837\" src=\"https:\/\/kmtraining.org\/wp-content\/uploads\/2022\/07\/icons-roadmap2-1.png\" alt=\"\" width=\"28\" height=\"28\" \/><\/span><\/b><a href=\"\/fr\/the-knowledge-management-road-map\/\">Feuille de route de la gestion des connaissances<\/a><span data-ccp-props=\"{&quot;134233117&quot;:false,&quot;134233118&quot;:false,&quot;201341983&quot;:0,&quot;335559738&quot;:0,&quot;335559739&quot;:0,&quot;335559740&quot;:276}\">\u00a0<\/span><\/p>\n\n\t\t<\/div>\n\t<\/div>\n<div class=\"vc_empty_space\"   style=\"height: 15px\"><span class=\"vc_empty_space_inner\"><\/span><\/div>\n\t<div class=\"wpb_text_column wpb_content_element\" >\n\t\t<div class=\"wpb_wrapper\">\n\t\t\t<p><b><span data-contrast=\"none\"><img loading=\"lazy\" decoding=\"async\" class=\"alignnone wp-image-3840\" src=\"https:\/\/kmtraining.org\/wp-content\/uploads\/2022\/07\/icons-BBPGuide-1.png\" alt=\"\" width=\"20\" height=\"20\" \/> <\/span><\/b><a href=\"\/fr\/building-better-programs-guide\/\">\u00c9laborer de meilleurs programmes\u00a0: un guide \u00e9tape par \u00e9tape pour l&#039;utilisation de la gestion des connaissances en sant\u00e9 mondiale<\/a><span data-ccp-props=\"{&quot;134233117&quot;:false,&quot;134233118&quot;:false,&quot;201341983&quot;:0,&quot;335559738&quot;:0,&quot;335559739&quot;:0,&quot;335559740&quot;:276}\">\u00a0<\/span><\/p>\n\n\t\t<\/div>\n\t<\/div>\n<div class=\"vc_empty_space\"   style=\"height: 15px\"><span class=\"vc_empty_space_inner\"><\/span><\/div>\n\t<div class=\"wpb_text_column wpb_content_element\" >\n\t\t<div class=\"wpb_wrapper\">\n\t\t\t<p><b><span data-contrast=\"none\"><img loading=\"lazy\" decoding=\"async\" class=\"alignnone wp-image-3838\" src=\"https:\/\/kmtraining.org\/wp-content\/uploads\/2022\/07\/icons-EquityChecklist1-1.png\" alt=\"\" width=\"30\" height=\"30\" \/> <\/span><\/b><a href=\"\/fr\/checklist-for-assessing-equity-in-km\/\">Liste de v\u00e9rification de l&#039;\u00e9quit\u00e9 dans la gestion des connaissances<\/a> <span data-ccp-props=\"{&quot;134233117&quot;:false,&quot;134233118&quot;:false,&quot;201341983&quot;:0,&quot;335559738&quot;:0,&quot;335559739&quot;:0,&quot;335559740&quot;:276}\">\u00a0<\/span><\/p>\n\n\t\t<\/div>\n\t<\/div>\n<div class=\"vc_empty_space\"   style=\"height: 15px\"><span class=\"vc_empty_space_inner\"><\/span><\/div>\n\t<div class=\"wpb_text_column wpb_content_element\" >\n\t\t<div class=\"wpb_wrapper\">\n\t\t\t<p><b><span data-contrast=\"none\"><img loading=\"lazy\" decoding=\"async\" class=\"alignnone wp-image-4788\" src=\"https:\/\/kmtraining.org\/wp-content\/uploads\/2025\/09\/icon-indicator-library-281x300.png\" alt=\"\" width=\"22\" height=\"24\" srcset=\"https:\/\/kmtraining.org\/wp-content\/uploads\/2025\/09\/icon-indicator-library-281x300.png 281w, https:\/\/kmtraining.org\/wp-content\/uploads\/2025\/09\/icon-indicator-library-11x12.png 11w, https:\/\/kmtraining.org\/wp-content\/uploads\/2025\/09\/icon-indicator-library.png 489w\" sizes=\"auto, (max-width: 22px) 100vw, 22px\" \/> <\/span><\/b><a href=\"https:\/\/kmtraining.org\/fr\/knowledge-management-indicator-library\/\">Knowledge Management Indicator Library<\/a> <span data-ccp-props=\"{&quot;134233117&quot;:false,&quot;134233118&quot;:false,&quot;201341983&quot;:0,&quot;335559738&quot;:0,&quot;335559739&quot;:0,&quot;335559740&quot;:276}\">\u00a0<\/span><\/p>\n\n\t\t<\/div>\n\t<\/div>\n\t\t<\/div>\n\t<\/div>\n<\/div><\/div><\/div><\/div><\/div><\/div>\n<\/div>","protected":false},"excerpt":{"rendered":"Le Guide de poche KM est une r\u00e9f\u00e9rence rapide sur la fa\u00e7on d&#039;appliquer la feuille de route KM en cinq \u00e9tapes dans les programmes de sant\u00e9 mondiale. En suivant le processus familier en cinq \u00e9tapes de la feuille de route KM, vous pouvez int\u00e9grer la gestion des connaissances de mani\u00e8re syst\u00e9matique et strat\u00e9gique dans les programmes de sant\u00e9 mondiale. Ce guide de poche KM fournit au personnel des programmes de sant\u00e9 mondiale \u00e0 travers le syst\u00e8me de sant\u00e9, de la premi\u00e8re ligne [...]","protected":false},"author":5,"featured_media":0,"parent":0,"menu_order":0,"comment_status":"closed","ping_status":"closed","template":"","meta":{"_bbp_topic_count":0,"_bbp_reply_count":0,"_bbp_total_topic_count":0,"_bbp_total_reply_count":0,"_bbp_voice_count":0,"_bbp_anonymous_reply_count":0,"_bbp_topic_count_hidden":0,"_bbp_reply_count_hidden":0,"_bbp_forum_subforum_count":0,"footnotes":""},"class_list":["post-3915","page","type-page","status-publish","hentry"],"yoast_head":"<!-- This site is optimized with the Yoast SEO plugin v26.9 - https:\/\/yoast.com\/product\/yoast-seo-wordpress\/ -->\n<title>The KM Pocket Guide for Global Health Programs<\/title>\n<meta name=\"description\" content=\"The KM Pocket Guide is a quick reference on how to apply the five-step KM Road Map in global health programs\" \/>\n<meta name=\"robots\" content=\"index, follow, max-snippet:-1, max-image-preview:large, max-video-preview:-1\" \/>\n<link rel=\"canonical\" href=\"https:\/\/kmtraining.org\/fr\/the-knowledge-management-pocket-guide\/\" \/>\n<meta property=\"og:locale\" content=\"fr_FR\" \/>\n<meta property=\"og:type\" content=\"article\" \/>\n<meta property=\"og:title\" content=\"The KM Pocket Guide for Global Health Programs\" \/>\n<meta property=\"og:description\" content=\"The KM Pocket Guide is a quick reference on how to apply the five-step KM Road Map in global health programs\" \/>\n<meta property=\"og:url\" content=\"https:\/\/kmtraining.org\/fr\/the-knowledge-management-pocket-guide\/\" \/>\n<meta property=\"og:site_name\" content=\"Knowledge Management Training Package\" \/>\n<meta property=\"article:modified_time\" content=\"2025-09-24T19:11:16+00:00\" \/>\n<meta property=\"og:image\" content=\"https:\/\/kmtraining.org\/wp-content\/uploads\/2022\/07\/icons-roadmap2-1.png\" \/>\n<meta name=\"twitter:card\" content=\"summary_large_image\" \/>\n<meta name=\"twitter:label1\" content=\"Dur\u00e9e de lecture estim\u00e9e\" \/>\n\t<meta name=\"twitter:data1\" content=\"3 minutes\" \/>\n<script type=\"application\/ld+json\" class=\"yoast-schema-graph\">{\"@context\":\"https:\/\/schema.org\",\"@graph\":[{\"@type\":\"WebPage\",\"@id\":\"https:\/\/kmtraining.org\/the-knowledge-management-pocket-guide\/\",\"url\":\"https:\/\/kmtraining.org\/the-knowledge-management-pocket-guide\/\",\"name\":\"The KM Pocket Guide for Global Health Programs\",\"isPartOf\":{\"@id\":\"https:\/\/kmtraining.org\/#website\"},\"primaryImageOfPage\":{\"@id\":\"https:\/\/kmtraining.org\/the-knowledge-management-pocket-guide\/#primaryimage\"},\"image\":{\"@id\":\"https:\/\/kmtraining.org\/the-knowledge-management-pocket-guide\/#primaryimage\"},\"thumbnailUrl\":\"https:\/\/kmtraining.org\/wp-content\/uploads\/2022\/07\/icons-roadmap2-1.png\",\"datePublished\":\"2022-07-25T15:19:20+00:00\",\"dateModified\":\"2025-09-24T19:11:16+00:00\",\"description\":\"The KM Pocket Guide is a quick reference on how to apply the five-step KM Road Map in global health programs\",\"breadcrumb\":{\"@id\":\"https:\/\/kmtraining.org\/the-knowledge-management-pocket-guide\/#breadcrumb\"},\"inLanguage\":\"fr-FR\",\"potentialAction\":[{\"@type\":\"ReadAction\",\"target\":[\"https:\/\/kmtraining.org\/the-knowledge-management-pocket-guide\/\"]}]},{\"@type\":\"ImageObject\",\"inLanguage\":\"fr-FR\",\"@id\":\"https:\/\/kmtraining.org\/the-knowledge-management-pocket-guide\/#primaryimage\",\"url\":\"https:\/\/kmtraining.org\/wp-content\/uploads\/2022\/07\/icons-roadmap2-1.png\",\"contentUrl\":\"https:\/\/kmtraining.org\/wp-content\/uploads\/2022\/07\/icons-roadmap2-1.png\"},{\"@type\":\"BreadcrumbList\",\"@id\":\"https:\/\/kmtraining.org\/the-knowledge-management-pocket-guide\/#breadcrumb\",\"itemListElement\":[{\"@type\":\"ListItem\",\"position\":1,\"name\":\"Home\",\"item\":\"https:\/\/kmtraining.org\/\"},{\"@type\":\"ListItem\",\"position\":2,\"name\":\"The Knowledge Management Pocket Guide for Global Health Programs\"}]},{\"@type\":\"WebSite\",\"@id\":\"https:\/\/kmtraining.org\/#website\",\"url\":\"https:\/\/kmtraining.org\/\",\"name\":\"Knowledge Management Training Package\",\"description\":\"\",\"potentialAction\":[{\"@type\":\"SearchAction\",\"target\":{\"@type\":\"EntryPoint\",\"urlTemplate\":\"https:\/\/kmtraining.org\/?s={search_term_string}\"},\"query-input\":{\"@type\":\"PropertyValueSpecification\",\"valueRequired\":true,\"valueName\":\"search_term_string\"}}],\"inLanguage\":\"fr-FR\"}]}<\/script>\n<!-- \/ Yoast SEO plugin. -->","yoast_head_json":{"title":"The KM Pocket Guide for Global Health Programs","description":"The KM Pocket Guide is a quick reference on how to apply the five-step KM Road Map in global health programs","robots":{"index":"index","follow":"follow","max-snippet":"max-snippet:-1","max-image-preview":"max-image-preview:large","max-video-preview":"max-video-preview:-1"},"canonical":"https:\/\/kmtraining.org\/fr\/the-knowledge-management-pocket-guide\/","og_locale":"fr_FR","og_type":"article","og_title":"The KM Pocket Guide for Global Health Programs","og_description":"The KM Pocket Guide is a quick reference on how to apply the five-step KM Road Map in global health programs","og_url":"https:\/\/kmtraining.org\/fr\/the-knowledge-management-pocket-guide\/","og_site_name":"Knowledge Management Training Package","article_modified_time":"2025-09-24T19:11:16+00:00","og_image":[{"url":"https:\/\/kmtraining.org\/wp-content\/uploads\/2022\/07\/icons-roadmap2-1.png","type":"","width":"","height":""}],"twitter_card":"summary_large_image","twitter_misc":{"Dur\u00e9e de lecture estim\u00e9e":"3 minutes"},"schema":{"@context":"https:\/\/schema.org","@graph":[{"@type":"WebPage","@id":"https:\/\/kmtraining.org\/the-knowledge-management-pocket-guide\/","url":"https:\/\/kmtraining.org\/the-knowledge-management-pocket-guide\/","name":"The KM Pocket Guide for Global Health Programs","isPartOf":{"@id":"https:\/\/kmtraining.org\/#website"},"primaryImageOfPage":{"@id":"https:\/\/kmtraining.org\/the-knowledge-management-pocket-guide\/#primaryimage"},"image":{"@id":"https:\/\/kmtraining.org\/the-knowledge-management-pocket-guide\/#primaryimage"},"thumbnailUrl":"https:\/\/kmtraining.org\/wp-content\/uploads\/2022\/07\/icons-roadmap2-1.png","datePublished":"2022-07-25T15:19:20+00:00","dateModified":"2025-09-24T19:11:16+00:00","description":"The KM Pocket Guide is a quick reference on how to apply the five-step KM Road Map in global health programs","breadcrumb":{"@id":"https:\/\/kmtraining.org\/the-knowledge-management-pocket-guide\/#breadcrumb"},"inLanguage":"fr-FR","potentialAction":[{"@type":"ReadAction","target":["https:\/\/kmtraining.org\/the-knowledge-management-pocket-guide\/"]}]},{"@type":"ImageObject","inLanguage":"fr-FR","@id":"https:\/\/kmtraining.org\/the-knowledge-management-pocket-guide\/#primaryimage","url":"https:\/\/kmtraining.org\/wp-content\/uploads\/2022\/07\/icons-roadmap2-1.png","contentUrl":"https:\/\/kmtraining.org\/wp-content\/uploads\/2022\/07\/icons-roadmap2-1.png"},{"@type":"BreadcrumbList","@id":"https:\/\/kmtraining.org\/the-knowledge-management-pocket-guide\/#breadcrumb","itemListElement":[{"@type":"ListItem","position":1,"name":"Home","item":"https:\/\/kmtraining.org\/"},{"@type":"ListItem","position":2,"name":"The Knowledge Management Pocket Guide for Global Health Programs"}]},{"@type":"WebSite","@id":"https:\/\/kmtraining.org\/#website","url":"https:\/\/kmtraining.org\/","name":"Knowledge Management Training Package","description":"","potentialAction":[{"@type":"SearchAction","target":{"@type":"EntryPoint","urlTemplate":"https:\/\/kmtraining.org\/?s={search_term_string}"},"query-input":{"@type":"PropertyValueSpecification","valueRequired":true,"valueName":"search_term_string"}}],"inLanguage":"fr-FR"}]}},"featured_image_src":null,"featured_image_src_square":null,"_links":{"self":[{"href":"https:\/\/kmtraining.org\/fr\/wp-json\/wp\/v2\/pages\/3915","targetHints":{"allow":["GET"]}}],"collection":[{"href":"https:\/\/kmtraining.org\/fr\/wp-json\/wp\/v2\/pages"}],"about":[{"href":"https:\/\/kmtraining.org\/fr\/wp-json\/wp\/v2\/types\/page"}],"author":[{"embeddable":true,"href":"https:\/\/kmtraining.org\/fr\/wp-json\/wp\/v2\/users\/5"}],"replies":[{"embeddable":true,"href":"https:\/\/kmtraining.org\/fr\/wp-json\/wp\/v2\/comments?post=3915"}],"version-history":[{"count":0,"href":"https:\/\/kmtraining.org\/fr\/wp-json\/wp\/v2\/pages\/3915\/revisions"}],"wp:attachment":[{"href":"https:\/\/kmtraining.org\/fr\/wp-json\/wp\/v2\/media?parent=3915"}],"curies":[{"name":"wp","href":"https:\/\/api.w.org\/{rel}","templated":true}]}}