{"id":3826,"date":"2022-07-15T17:46:35","date_gmt":"2022-07-15T17:46:35","guid":{"rendered":"https:\/\/kmtraining.wpengine.com\/?page_id=3826"},"modified":"2023-12-08T16:31:40","modified_gmt":"2023-12-08T16:31:40","slug":"website-policies","status":"publish","type":"page","link":"https:\/\/kmtraining.org\/fr\/website-policies\/","title":{"rendered":"Politiques du site Web"},"content":{"rendered":"<h2 class=\"wp-block-heading\"><\/h2>\n\n\n\n<p>Les politiques sur cette page s&#039;appliquent aux sites Web g\u00e9r\u00e9s par le projet Knowledge SUCCESS du Johns Hopkins Center for Communication Programs (CCP).<\/p>\n\n\n\n<h2 class=\"wp-block-heading\"><strong><a><\/a>Avis de confidentialit\u00e9<\/strong><\/h2>\n\n\n\n<p>Cette section explique quelles informations Knowledge SUCCESS collecte lorsque vous visitez l&#039;un de nos sites Web et comment nous traitons ces informations. Les informations que nous recevons d\u00e9pendent des sites que vous visitez et de ce que vous faites pendant que vous y \u00eates.<\/p>\n\n\n\n<h4 class=\"wp-block-heading\"><strong>Si vous visitez notre site pour lire ou t\u00e9l\u00e9charger des informations :<\/strong><\/h4>\n\n\n\n<p>Nous collectons et stockons uniquement les informations suivantes vous concernant : l&#039;adresse IP de l&#039;appareil et du r\u00e9seau que vous utilisez pour acc\u00e9der \u00e0 Internet (cela nous donne \u00e9galement un emplacement, jusqu&#039;au niveau de la ville) ; la date et l&#039;heure auxquelles vous acc\u00e9dez \u00e0 notre site\u00a0; quelles pages vous consultez lorsque vous visitez notre site Web\u00a0; les mots que vous recherchez, le cas \u00e9ch\u00e9ant (bien que les termes de recherche ne soient pas associ\u00e9s \u00e0 des utilisateurs individuels)\u00a0; et le type et la version de votre navigateur Web et de votre syst\u00e8me d&#039;exploitation.<\/p>\n\n\n\n<p>Nous utilisons les informations que nous recueillons pour compter le nombre de visiteurs dans les diff\u00e9rentes sections et pages de nos sites Web, pour savoir quelles informations sont les plus consult\u00e9es et pour mieux hi\u00e9rarchiser nos besoins de d\u00e9veloppement Web. Ces informations nous aident \u00e0 rendre nos sites Web plus utiles.&nbsp;<\/p>\n\n\n\n<p>Cette collecte\/stockage d&#039;informations est distincte de l&#039;activit\u00e9 d\u00e9crite comme surveillance dans notre avis de s\u00e9curit\u00e9.<\/p>\n\n\n\n<h4 class=\"wp-block-heading\"><strong>Si vous vous identifiez en nous envoyant un message \u00e9lectronique ou un formulaire de contact ou de commande compl\u00e9t\u00e9 :<\/strong><\/h4>\n\n\n\n<p>Si vous d\u00e9cidez de nous envoyer des informations d&#039;identification personnelle (telles que votre adresse e-mail ou votre adresse postale), nous utiliserons ces informations d&#039;identification personnelle pour r\u00e9pondre \u00e0 votre commentaire ou suggestion et pour compter le nombre de personnes qui nous envoient des commentaires.<\/p>\n\n\n\n<p>Nous voulons \u00eatre tr\u00e8s clairs :&nbsp;<strong>Nous n&#039;obtiendrons pas d&#039;informations d&#039;identification personnelle vous concernant lorsque vous visiterez notre site, sauf si vous choisissez de nous fournir ces informations.<\/strong><\/p>\n\n\n\n<h4 class=\"wp-block-heading\"><a><\/a><strong>Cookies et autres informations stock\u00e9es sur votre ordinateur<\/strong><\/h4>\n\n\n\n<p>Les sites Web de SUCCESS utilisent des cookies. Les cookies sont de petits fichiers texte qui sont t\u00e9l\u00e9charg\u00e9s sur votre navigateur lorsque vous visitez un site Web. Certains aspects de la conception du site Web reposent sur les cookies pour vous offrir la meilleure exp\u00e9rience possible (par exemple, pour montrer o\u00f9 vous vous \u00eates arr\u00eat\u00e9 dans un menu ou jusqu&#039;o\u00f9 vous avez fait d\u00e9filer une page). Nous installons \u00e9galement des cookies d&#039;applications tierces telles que Google Analytics (qui nous donne plus d&#039;informations sur les visites du site, sans stocker d&#039;informations personnellement identifiables). Notre syst\u00e8me d&#039;automatisation du marketing utilise des cookies si vous acceptez de recevoir des informations de notre part. Nous utilisons ces informations pour am\u00e9liorer nos sites Web et am\u00e9liorer l&#039;exp\u00e9rience utilisateur.<\/p>\n\n\n\n<p>Vous pouvez acc\u00e9der, g\u00e9rer et supprimer vous-m\u00eame les cookies, depuis votre propre navigateur. Veuillez garder \u00e0 l&#039;esprit que si vous d\u00e9sactivez tous les cookies, certaines parties de nos sites Web pourraient ne pas fonctionner comme pr\u00e9vu. Vous trouverez plus d&#039;informations sur les cookies et la gestion des cookies sur&nbsp;<a href=\"http:\/\/www.allaboutcookies.org\/\" target=\"_blank\" rel=\"noreferrer noopener\">www.allaboutcookies.org<\/a>&nbsp;et&nbsp;<a href=\"http:\/\/www.aboutcookies.org\/\" target=\"_blank\" rel=\"noreferrer noopener\">www.aboutcookies.org<\/a>.<\/p>\n\n\n\n<h2 class=\"wp-block-heading\"><strong><a><\/a>Avis de s\u00e9curit\u00e9<\/strong><\/h2>\n\n\n\n<p>\u00c0 des fins de s\u00e9curit\u00e9 du site Web (c&#039;est-\u00e0-dire pour s\u00e9curiser les informations sur nos sites Web et les prot\u00e9ger contre le piratage) et pour garantir que nos services en ligne restent disponibles pour tous les utilisateurs, Knowledge SUCCESS travaille avec les h\u00e9bergeurs de sites Web et utilise des logiciels pour surveiller le trafic r\u00e9seau et identifier les personnes non autoris\u00e9es. tente de t\u00e9l\u00e9charger ou de modifier des informations ou de causer des dommages. Les tentatives non autoris\u00e9es de t\u00e9l\u00e9charger des informations ou de modifier des informations sur ce service sont strictement interdites et peuvent \u00eatre punissables en vertu de la loi de 1986 sur la fraude et les abus informatiques et de la loi sur la protection de l&#039;infrastructure nationale de l&#039;information.<\/p>\n\n\n\n<h4 class=\"wp-block-heading\"><strong>Restrictions d&#039;utilisation<\/strong><\/h4>\n\n\n\n<p>Sauf indication contraire sur des pages sp\u00e9cifiques, les informations et publications pr\u00e9sent\u00e9es sur ce site Web ne peuvent \u00eatre copi\u00e9es et r\u00e9utilis\u00e9es sans l&#039;autorisation de l&#039;Universit\u00e9 Johns Hopkins (voir Copyright et autorisations). Si vous souhaitez republier ou adapter l&#039;un de nos documents,&nbsp;<a href=\"http:\/\/www.knowledgesuccess-org.knowledgesuccess.org\/contact\">contactez-nous pour l&#039;autorisation<\/a>. Nous accordons g\u00e9n\u00e9ralement l&#039;autorisation d&#039;une utilisation \u00e9ducative \u00e0 but non lucratif ou non commerciale du mat\u00e9riel Knowledge SUCCESS. Cependant, certains mat\u00e9riaux ne sont pas la propri\u00e9t\u00e9 de l&#039;Universit\u00e9 Johns Hopkins. Ces mat\u00e9riaux sont clairement identifi\u00e9s. Veuillez contacter les sources originales, \u00e0 l&#039;adresse indiqu\u00e9e, pour obtenir l&#039;autorisation d&#039;utiliser ces documents. Nous demandons que&nbsp;<strong>sources originales<\/strong>&nbsp;\u00eatre cit\u00e9 comme source de toute information obtenue \u00e0 partir de ce site. Si aucune autre source n&#039;est indiqu\u00e9e sur ou avec les informations que vous utilisez, cr\u00e9ditez l&#039;Universit\u00e9 Johns Hopkins.<\/p>\n\n\n\n<h4 class=\"wp-block-heading\"><strong>Loi sur la fraude et les abus informatiques<\/strong><\/h4>\n\n\n\n<p>Les tentatives non autoris\u00e9es de t\u00e9l\u00e9charger des informations et \/ ou de modifier des informations sur ce site Web sont strictement interdites et sont passibles de poursuites en vertu du titre 18 USC, sections 1001 et 1030). [Voir Avis de s\u00e9curit\u00e9]<\/p>\n\n\n\n<h2 class=\"wp-block-heading\"><strong><a><\/a>Droits d&#039;auteur et autorisations<\/strong><\/h2>\n\n\n\n<p>En g\u00e9n\u00e9ral, le contenu de ce site Web est prot\u00e9g\u00e9 par le droit d&#039;auteur. Le droit d&#039;auteur, sauf indication contraire, est d\u00e9tenu par l&#039;Universit\u00e9 Johns Hopkins.<\/p>\n\n\n\n<p><strong>Ce que vous pouvez faire sans autorisation\u00a0:&nbsp;<\/strong>Sans nous demander la permission, vous \u00eates invit\u00e9s \u00e0&nbsp;<strong>imprimer des pages<\/strong>&nbsp;des sites Web Knowledge SUCCESS, \u00e0&nbsp;<strong>imprimer ou enregistrer les r\u00e9sultats de la recherche<\/strong>, et \u00e0&nbsp;<strong>t\u00e9l\u00e9charger les fichiers sp\u00e9cifiquement propos\u00e9s<\/strong>&nbsp;en format t\u00e9l\u00e9chargeable (g\u00e9n\u00e9ralement, .pdf, .doc, .docx, .ppt, .pptx, .xls, .xlsx). Vous pouvez \u00e9galement utiliser, en mentionnant \u00ab The Knowledge SUCCESS Project, copyright the Johns Hopkins University \u00bb, le texte des communiqu\u00e9s de presse publi\u00e9s et des citations des publications du Knowledge SUCCESS Project. Vous pouvez \u00e9galement&nbsp;<strong>lien vers les sites Web de Knowledge SUCCESS<\/strong>&nbsp;et leur contenu sans autorisation\u00a0; gentil&nbsp;<a href=\"http:\/\/www.knowledgesuccess-org.knowledgesuccess.org\/contact\">Faites le nous savoir<\/a>&nbsp;si vous l&#039;avez fait.<\/p>\n\n\n\n<p><strong>Ce que vous devez demander l&#039;autorisation de faire\u00a0:<\/strong>&nbsp;Si vous souhaitez reproduire, republier ou incorporer d&#039;autres textes ou images des sites Web Knowledge SUCCESS dans d&#039;autres sites Web, publications ou autres documents que vous ou d&#039;autres produisez,&nbsp;<a href=\"http:\/\/www.knowledgesuccess-org.knowledgesuccess.org\/contact\">contactez-nous pour l&#039;autorisation<\/a>. Pour tous les documents et informations utilis\u00e9s sur les sites Web de Knowledge SUCCESS, nous vous demandons de mentionner les sources originales telles qu&#039;elles sont indiqu\u00e9es sur des pages sp\u00e9cifiques. Si aucune autre information de source ou d&#039;auteur sp\u00e9cifique n&#039;est affich\u00e9e, veuillez cr\u00e9diter le &quot;The Knowledge SUCCESS Project, copyright the Johns Hopkins University&quot;.<\/p>\n\n\n\n<p>Il est de la responsabilit\u00e9 de l&#039;utilisateur d&#039;\u00eatre au courant de la l\u00e9gislation et des applications en vigueur sur le droit d&#039;auteur. L&#039;utilisateur s&#039;engage \u00e0 indemniser l&#039;Universit\u00e9 Johns Hopkins de tout co\u00fbt ou r\u00e9clamation pour violation ou droit d&#039;auteur en relation avec des copies d&#039;images ou de textes provenant des sites Web de Knowledge SUCCESS. Sur la plupart de nos sites, nous renvoyons \u00e0 d&#039;autres sites Web ; cet avis de droit d&#039;auteur ne concerne pas les informations sur les sites Web en dehors du portefeuille Web Knowledge SUCCESS.<\/p>\n\n\n\n<h2 class=\"wp-block-heading\"><a><\/a><strong>Avis de non-responsabilit\u00e9<\/strong><\/h2>\n\n\n\n<p><strong>Liens vers d&#039;autres sites<\/strong><\/p>\n\n\n\n<p>Ce site Web propose des liens vers des sites Web d&#039;autres organisations qui, selon nous, peuvent offrir des informations pertinentes. Une fois que vous acc\u00e9dez \u00e0 un autre site, vous \u00eates soumis aux avis de non-responsabilit\u00e9 et aux politiques de s\u00e9curit\u00e9 et de confidentialit\u00e9 du nouveau site.<\/p>\n\n\n\n<h4 class=\"wp-block-heading\"><strong>Avis de non-responsabilit\u00e9<\/strong><\/h4>\n\n\n\n<p>Les documents publi\u00e9s sur les sites Web de Knowledge SUCCESS peuvent contenir des liens hypertextes ou des pointeurs vers des informations cr\u00e9\u00e9es et maintenues par d&#039;autres organisations publiques et priv\u00e9es. Ces liens et pointeurs sont fournis pour la commodit\u00e9 des visiteurs. Nous ne contr\u00f4lons ni ne garantissons l&#039;exactitude, la pertinence, l&#039;actualit\u00e9 ou l&#039;exhaustivit\u00e9 des informations li\u00e9es. En outre, l&#039;inclusion de liens ou de pointeurs vers d&#039;autres sites Web n&#039;est pas destin\u00e9e \u00e0 approuver, recommander ou favoriser les opinions exprim\u00e9es ou les produits ou services commerciaux offerts sur ces sites ext\u00e9rieurs, ou les organisations parrainant les sites, par nom commercial, marque, fabricant, ou autrement.<\/p>\n\n\n\n<p>La r\u00e9f\u00e9rence dans tout site Web Knowledge SUCCESS \u00e0 des produits, processus ou services commerciaux sp\u00e9cifiques, ou l&#039;utilisation de tout nom commercial, d&#039;entreprise ou de soci\u00e9t\u00e9 est pour l&#039;information et la commodit\u00e9 des visiteurs du site, et ne constitue pas une approbation, une recommandation ou une faveur. par le projet Knowledge SUCCESS, le gouvernement des \u00c9tats-Unis ou l&#039;Agence des \u00c9tats-Unis pour le d\u00e9veloppement international (USAID).<\/p>\n\n\n\n<p>Les points de vue et opinions des auteurs exprim\u00e9s ici ne refl\u00e8tent pas n\u00e9cessairement ceux de l&#039;Universit\u00e9 Johns Hopkins, du projet Knowledge SUCCESS, du CCP, du gouvernement am\u00e9ricain ou de l&#039;USAID, et ne doivent pas \u00eatre utilis\u00e9s \u00e0 des fins publicitaires ou pour approuver des produits.<\/p>\n\n\n\n<p><strong>Exon\u00e9ration de responsabilit\u00e9<\/strong><\/p>\n\n\n\n<p>Tous les efforts sont faits pour fournir des informations exactes et compl\u00e8tes. Cependant, nous ne pouvons pas garantir qu&#039;il n&#039;y aura pas d&#039;erreurs. Nous ne faisons aucune r\u00e9clamation, promesse ou garantie quant \u00e0 l&#039;exactitude, l&#039;exhaustivit\u00e9 ou l&#039;ad\u00e9quation du contenu de ce site Web et d\u00e9clinons express\u00e9ment toute responsabilit\u00e9 pour les erreurs et omissions dans le contenu de ce site Web.<\/p>\n\n\n\n<p>En ce qui concerne le contenu de ce site, l&#039;Universit\u00e9 Johns Hopkins, le Knowledge SUCCESS Project, CCP, le gouvernement des \u00c9tats-Unis, l&#039;USAID, ou leurs employ\u00e9s et sous-traitants n&#039;offrent aucune garantie, expresse, implicite ou statutaire, y compris, mais sans s&#039;y limiter, les garanties de non-violation des droits, titres et garanties de qualit\u00e9 marchande et d&#039;ad\u00e9quation \u00e0 un usage particulier de tiers, en ce qui concerne le contenu disponible sur ce site Web ou d&#039;autres ressources Internet li\u00e9es \u00e0 partir de celui-ci. De plus, l&#039;Universit\u00e9 Johns Hopkins, le gouvernement des \u00c9tats-Unis ou l&#039;USAID n&#039;assument aucune responsabilit\u00e9 l\u00e9gale quant \u00e0 l&#039;exactitude, l&#039;exhaustivit\u00e9 ou l&#039;utilit\u00e9 de toute information, produit ou processus divulgu\u00e9 dans les pr\u00e9sentes ou l&#039;absence de virus informatiques, et ne repr\u00e9sente pas que l&#039;utilisation de ces informations , produit ou proc\u00e9d\u00e9 ne porterait pas atteinte aux droits de propri\u00e9t\u00e9 priv\u00e9e.<\/p>\n\n\n\n<p><strong>Autres clauses de non-responsabilit\u00e9<\/strong><\/p>\n\n\n\n<p>Les informations fournies sur ce site Web ne sont pas des informations officielles du gouvernement am\u00e9ricain et ne repr\u00e9sentent pas les vues ou les positions de l&#039;Agence am\u00e9ricaine pour le d\u00e9veloppement international, du gouvernement am\u00e9ricain ou de l&#039;Universit\u00e9 Johns Hopkins. En particulier, les points de vue et opinions exprim\u00e9s dans le blog Knowledge SUCCESS sont ceux des contributeurs individuels, ne sont pas des informations officielles du gouvernement am\u00e9ricain et ne repr\u00e9sentent pas n\u00e9cessairement les points de vue ou positions de l&#039;Agence am\u00e9ricaine pour le d\u00e9veloppement international, le gouvernement am\u00e9ricain, The Johns Hopkins University, la Bloomberg School of Public Health, le Center for Communication Programs ou le Knowledge SUCCESS Project en tant qu&#039;entit\u00e9.<\/p>\n\n\n\n<h4 class=\"wp-block-heading\">Pour plus d&#039;informations<\/h4>\n\n\n\n<p>Si vous avez des questions ou des commentaires sur les informations pr\u00e9sent\u00e9es ici, veuillez&nbsp;<a href=\"http:\/\/www.knowledgesuccess-org.knowledgesuccess.org\/contact\">Contactez&nbsp;<\/a>le projet Knowledge SUCCESS.<\/p>","protected":false},"excerpt":{"rendered":"<p>Les politiques sur cette page s&#039;appliquent aux sites Web g\u00e9r\u00e9s par le projet Knowledge SUCCESS du Johns Hopkins Center for Communication Programs (CCP). Avis de confidentialit\u00e9 Cette section explique quelles informations Knowledge SUCCESS collecte lorsque vous visitez l&#039;un de nos sites Web et comment nous traitons ces informations. Les informations que nous recevons d\u00e9pendent des sites que vous visitez [\u2026]<\/p>","protected":false},"author":3,"featured_media":0,"parent":0,"menu_order":0,"comment_status":"closed","ping_status":"closed","template":"","meta":{"_bbp_topic_count":0,"_bbp_reply_count":0,"_bbp_total_topic_count":0,"_bbp_total_reply_count":0,"_bbp_voice_count":0,"_bbp_anonymous_reply_count":0,"_bbp_topic_count_hidden":0,"_bbp_reply_count_hidden":0,"_bbp_forum_subforum_count":0,"footnotes":""},"class_list":["post-3826","page","type-page","status-publish","hentry"],"yoast_head":"<!-- This site is optimized with the Yoast SEO plugin v26.9 - https:\/\/yoast.com\/product\/yoast-seo-wordpress\/ -->\n<title>Website Policies - Knowledge Management Training Package<\/title>\n<meta name=\"robots\" content=\"index, follow, max-snippet:-1, max-image-preview:large, max-video-preview:-1\" \/>\n<link rel=\"canonical\" href=\"https:\/\/kmtraining.org\/fr\/website-policies\/\" \/>\n<meta property=\"og:locale\" content=\"fr_FR\" \/>\n<meta property=\"og:type\" content=\"article\" \/>\n<meta property=\"og:title\" content=\"Website Policies - Knowledge Management Training Package\" \/>\n<meta property=\"og:description\" content=\"The policies on this page apply to websites managed by the Knowledge SUCCESS Project at the Johns Hopkins Center for Communication Programs (CCP). Privacy Notice This section explains what information Knowledge SUCCESS collects when you visit one of our websites, and how we handle that information. The information we receive depends on which sites you visit [&hellip;]\" \/>\n<meta property=\"og:url\" content=\"https:\/\/kmtraining.org\/fr\/website-policies\/\" \/>\n<meta property=\"og:site_name\" content=\"Knowledge Management Training Package\" \/>\n<meta property=\"article:modified_time\" content=\"2023-12-08T16:31:40+00:00\" \/>\n<meta name=\"twitter:card\" content=\"summary_large_image\" \/>\n<meta name=\"twitter:label1\" content=\"Dur\u00e9e de lecture estim\u00e9e\" \/>\n\t<meta name=\"twitter:data1\" content=\"7 minutes\" \/>\n<script type=\"application\/ld+json\" class=\"yoast-schema-graph\">{\"@context\":\"https:\/\/schema.org\",\"@graph\":[{\"@type\":\"WebPage\",\"@id\":\"https:\/\/kmtraining.org\/website-policies\/\",\"url\":\"https:\/\/kmtraining.org\/website-policies\/\",\"name\":\"Website Policies - Knowledge Management Training Package\",\"isPartOf\":{\"@id\":\"https:\/\/kmtraining.org\/#website\"},\"datePublished\":\"2022-07-15T17:46:35+00:00\",\"dateModified\":\"2023-12-08T16:31:40+00:00\",\"breadcrumb\":{\"@id\":\"https:\/\/kmtraining.org\/website-policies\/#breadcrumb\"},\"inLanguage\":\"fr-FR\",\"potentialAction\":[{\"@type\":\"ReadAction\",\"target\":[\"https:\/\/kmtraining.org\/website-policies\/\"]}]},{\"@type\":\"BreadcrumbList\",\"@id\":\"https:\/\/kmtraining.org\/website-policies\/#breadcrumb\",\"itemListElement\":[{\"@type\":\"ListItem\",\"position\":1,\"name\":\"Home\",\"item\":\"https:\/\/kmtraining.org\/\"},{\"@type\":\"ListItem\",\"position\":2,\"name\":\"Website Policies\"}]},{\"@type\":\"WebSite\",\"@id\":\"https:\/\/kmtraining.org\/#website\",\"url\":\"https:\/\/kmtraining.org\/\",\"name\":\"Knowledge Management Training Package\",\"description\":\"\",\"potentialAction\":[{\"@type\":\"SearchAction\",\"target\":{\"@type\":\"EntryPoint\",\"urlTemplate\":\"https:\/\/kmtraining.org\/?s={search_term_string}\"},\"query-input\":{\"@type\":\"PropertyValueSpecification\",\"valueRequired\":true,\"valueName\":\"search_term_string\"}}],\"inLanguage\":\"fr-FR\"}]}<\/script>\n<!-- \/ Yoast SEO plugin. -->","yoast_head_json":{"title":"Website Policies - Knowledge Management Training Package","robots":{"index":"index","follow":"follow","max-snippet":"max-snippet:-1","max-image-preview":"max-image-preview:large","max-video-preview":"max-video-preview:-1"},"canonical":"https:\/\/kmtraining.org\/fr\/website-policies\/","og_locale":"fr_FR","og_type":"article","og_title":"Website Policies - Knowledge Management Training Package","og_description":"The policies on this page apply to websites managed by the Knowledge SUCCESS Project at the Johns Hopkins Center for Communication Programs (CCP). Privacy Notice This section explains what information Knowledge SUCCESS collects when you visit one of our websites, and how we handle that information. The information we receive depends on which sites you visit [&hellip;]","og_url":"https:\/\/kmtraining.org\/fr\/website-policies\/","og_site_name":"Knowledge Management Training Package","article_modified_time":"2023-12-08T16:31:40+00:00","twitter_card":"summary_large_image","twitter_misc":{"Dur\u00e9e de lecture estim\u00e9e":"7 minutes"},"schema":{"@context":"https:\/\/schema.org","@graph":[{"@type":"WebPage","@id":"https:\/\/kmtraining.org\/website-policies\/","url":"https:\/\/kmtraining.org\/website-policies\/","name":"Website Policies - Knowledge Management Training Package","isPartOf":{"@id":"https:\/\/kmtraining.org\/#website"},"datePublished":"2022-07-15T17:46:35+00:00","dateModified":"2023-12-08T16:31:40+00:00","breadcrumb":{"@id":"https:\/\/kmtraining.org\/website-policies\/#breadcrumb"},"inLanguage":"fr-FR","potentialAction":[{"@type":"ReadAction","target":["https:\/\/kmtraining.org\/website-policies\/"]}]},{"@type":"BreadcrumbList","@id":"https:\/\/kmtraining.org\/website-policies\/#breadcrumb","itemListElement":[{"@type":"ListItem","position":1,"name":"Home","item":"https:\/\/kmtraining.org\/"},{"@type":"ListItem","position":2,"name":"Website Policies"}]},{"@type":"WebSite","@id":"https:\/\/kmtraining.org\/#website","url":"https:\/\/kmtraining.org\/","name":"Knowledge Management Training Package","description":"","potentialAction":[{"@type":"SearchAction","target":{"@type":"EntryPoint","urlTemplate":"https:\/\/kmtraining.org\/?s={search_term_string}"},"query-input":{"@type":"PropertyValueSpecification","valueRequired":true,"valueName":"search_term_string"}}],"inLanguage":"fr-FR"}]}},"featured_image_src":null,"featured_image_src_square":null,"_links":{"self":[{"href":"https:\/\/kmtraining.org\/fr\/wp-json\/wp\/v2\/pages\/3826","targetHints":{"allow":["GET"]}}],"collection":[{"href":"https:\/\/kmtraining.org\/fr\/wp-json\/wp\/v2\/pages"}],"about":[{"href":"https:\/\/kmtraining.org\/fr\/wp-json\/wp\/v2\/types\/page"}],"author":[{"embeddable":true,"href":"https:\/\/kmtraining.org\/fr\/wp-json\/wp\/v2\/users\/3"}],"replies":[{"embeddable":true,"href":"https:\/\/kmtraining.org\/fr\/wp-json\/wp\/v2\/comments?post=3826"}],"version-history":[{"count":0,"href":"https:\/\/kmtraining.org\/fr\/wp-json\/wp\/v2\/pages\/3826\/revisions"}],"wp:attachment":[{"href":"https:\/\/kmtraining.org\/fr\/wp-json\/wp\/v2\/media?parent=3826"}],"curies":[{"name":"wp","href":"https:\/\/api.w.org\/{rel}","templated":true}]}}