{"id":3624,"date":"2022-06-09T15:57:03","date_gmt":"2022-06-09T15:57:03","guid":{"rendered":"https:\/\/kmtraining.wpengine.com\/?page_id=3624"},"modified":"2023-12-08T16:24:12","modified_gmt":"2023-12-08T16:24:12","slug":"training-modules-km-road-map-steps","status":"publish","type":"page","link":"https:\/\/kmtraining.org\/fr\/training-modules-km-road-map-steps\/","title":{"rendered":"Modules de formation\u00a0: \u00c9tapes de la feuille de route KM"},"content":{"rendered":"<div class=\"wp-block-image\">\n<figure class=\"alignright size-full\"><img loading=\"lazy\" decoding=\"async\" width=\"600\" height=\"635\" src=\"https:\/\/kmtraining.org\/wp-content\/uploads\/2022\/05\/km-roadmap-steps-600px.png\" alt=\"The KM roadmap steps graphic.\" class=\"wp-image-3269\" srcset=\"https:\/\/kmtraining.org\/wp-content\/uploads\/2022\/05\/km-roadmap-steps-600px.png 600w, https:\/\/kmtraining.org\/wp-content\/uploads\/2022\/05\/km-roadmap-steps-600px-283x300.png 283w\" sizes=\"auto, (max-width: 600px) 100vw, 600px\" \/><\/figure>\n<\/div>\n\n\n<p>La&nbsp;<em>Module de formation \u00e0 la gestion des connaissances pour les programmes de sant\u00e9 mondiale<\/em>&nbsp;a \u00e9t\u00e9 construit autour de la feuille de route de la gestion des connaissances - un processus syst\u00e9matique en cinq \u00e9tapes pour g\u00e9n\u00e9rer, collecter, analyser, synth\u00e9tiser et partager les connaissances - d\u00e9velopp\u00e9 par le&nbsp;<a href=\"https:\/\/knowledgesuccess.org\/aboutk4health\/\" target=\"_blank\" rel=\"noreferrer noopener\">Projet de connaissances pour la sant\u00e9<\/a>. Les cinq \u00e9tapes sont :<\/p>\n\n\n\n<ul class=\"wp-block-list\">\n<li><strong><a href=\"\/fr\/?course=step-1-assess-needs\">\u00c9tape 1 : \u00c9valuer les besoins<\/a>&nbsp;<\/strong>comprendre l&#039;ampleur du d\u00e9fi du programme de sant\u00e9 et identifier comment le KM peut aider \u00e0 le r\u00e9soudre<\/li>\n\n\n\n<li><strong>\u00c9tape 2 : Strat\u00e9gie de conception<\/strong>&nbsp;pour planifier comment am\u00e9liorer votre programme de sant\u00e9 en utilisant des interventions de KM<\/li>\n\n\n\n<li><strong>\u00c9tape\u00a03\u00a0: Cr\u00e9er et it\u00e9rer&nbsp;<\/strong>en utilisant de nouveaux outils de GC ou en adaptant ceux qui existent d\u00e9j\u00e0 pour r\u00e9pondre aux besoins de votre programme de sant\u00e9<\/li>\n\n\n\n<li><strong>\u00c9tape 4 : Mobiliser et surveiller&nbsp;<\/strong>en mettant en \u0153uvre des outils et des techniques de GC, en surveillant leurs effets et en adaptant vos approches et activit\u00e9s pour r\u00e9pondre aux besoins et r\u00e9alit\u00e9s changeants<\/li>\n\n\n\n<li><strong>\u00c9tape 5 : \u00c9valuer et \u00e9voluer&nbsp;<\/strong>pour expliquer dans quelle mesure vous avez atteint vos objectifs de GC, identifier les facteurs qui ont contribu\u00e9 ou entrav\u00e9 le succ\u00e8s de votre intervention et son impact sur les r\u00e9sultats du programme, et utiliser ces r\u00e9sultats pour influencer la programmation future<\/li>\n<\/ul>\n\n\n\n<p>Les modules de formation sur les \u00e9tapes de la feuille de route KM dans cette section se rapportent aux \u00e9tapes de la feuille de route KM. Le premier module fournit une introduction au KM, et les cinq autres modules correspondent \u00e0 chacune des cinq \u00e9tapes de la feuille de route. Pour acc\u00e9der \u00e0 ces six modules de formation, cliquez sur le menu dans le volet de droite ou sur les sous-menus dans le menu de navigation principal ci-dessus.<\/p>","protected":false},"excerpt":{"rendered":"<p>Le module de formation en gestion des connaissances pour les programmes de sant\u00e9 mondiale a \u00e9t\u00e9 construit autour de la feuille de route pour la gestion des connaissances \u2013 un processus syst\u00e9matique en cinq \u00e9tapes pour g\u00e9n\u00e9rer, collecter, analyser, synth\u00e9tiser et partager les connaissances \u2013 d\u00e9velopp\u00e9 par le projet Knowledge for Health. Les cinq \u00e9tapes sont les suivantes\u00a0: Les modules de formation des \u00e9tapes de la feuille de route KM dans cette section se rapportent aux \u00e9tapes de la feuille de route KM. La premi\u00e8re [\u2026]<\/p>","protected":false},"author":3,"featured_media":0,"parent":0,"menu_order":0,"comment_status":"closed","ping_status":"closed","template":"","meta":{"_bbp_topic_count":0,"_bbp_reply_count":0,"_bbp_total_topic_count":0,"_bbp_total_reply_count":0,"_bbp_voice_count":0,"_bbp_anonymous_reply_count":0,"_bbp_topic_count_hidden":0,"_bbp_reply_count_hidden":0,"_bbp_forum_subforum_count":0,"footnotes":""},"class_list":["post-3624","page","type-page","status-publish","hentry"],"yoast_head":"<!-- This site is optimized with the Yoast SEO plugin v26.9 - https:\/\/yoast.com\/product\/yoast-seo-wordpress\/ -->\n<title>Training Modules: KM Road Map Steps - Knowledge Management Training Package<\/title>\n<meta name=\"robots\" content=\"index, follow, max-snippet:-1, max-image-preview:large, max-video-preview:-1\" \/>\n<link rel=\"canonical\" href=\"https:\/\/kmtraining.org\/fr\/training-modules-km-road-map-steps\/\" \/>\n<meta property=\"og:locale\" content=\"fr_FR\" \/>\n<meta property=\"og:type\" content=\"article\" \/>\n<meta property=\"og:title\" content=\"Training Modules: KM Road Map Steps - Knowledge Management Training Package\" \/>\n<meta property=\"og:description\" content=\"The&nbsp;Knowledge Management Training Package for Global Health Programs&nbsp;was built around the Knowledge Management Road Map\u2014a five-step systematic process for generating, collecting, analyzing, synthesizing, and sharing knowledge\u2014developed by the&nbsp;Knowledge for Health Project. The five steps are: The KM Road Map Step training modules in this section relate to the steps in the KM Road Map. The first [&hellip;]\" \/>\n<meta property=\"og:url\" content=\"https:\/\/kmtraining.org\/fr\/training-modules-km-road-map-steps\/\" \/>\n<meta property=\"og:site_name\" content=\"Knowledge Management Training Package\" \/>\n<meta property=\"article:modified_time\" content=\"2023-12-08T16:24:12+00:00\" \/>\n<meta property=\"og:image\" content=\"https:\/\/kmtraining.org\/wp-content\/uploads\/2022\/05\/km-roadmap-steps-600px.png\" \/>\n<meta name=\"twitter:card\" content=\"summary_large_image\" \/>\n<meta name=\"twitter:label1\" content=\"Dur\u00e9e de lecture estim\u00e9e\" \/>\n\t<meta name=\"twitter:data1\" content=\"2 minutes\" \/>\n<script type=\"application\/ld+json\" class=\"yoast-schema-graph\">{\"@context\":\"https:\/\/schema.org\",\"@graph\":[{\"@type\":\"WebPage\",\"@id\":\"https:\/\/kmtraining.org\/training-modules-km-road-map-steps\/\",\"url\":\"https:\/\/kmtraining.org\/training-modules-km-road-map-steps\/\",\"name\":\"Training Modules: KM Road Map Steps - Knowledge Management Training Package\",\"isPartOf\":{\"@id\":\"https:\/\/kmtraining.org\/#website\"},\"primaryImageOfPage\":{\"@id\":\"https:\/\/kmtraining.org\/training-modules-km-road-map-steps\/#primaryimage\"},\"image\":{\"@id\":\"https:\/\/kmtraining.org\/training-modules-km-road-map-steps\/#primaryimage\"},\"thumbnailUrl\":\"https:\/\/kmtraining.org\/wp-content\/uploads\/2022\/05\/km-roadmap-steps-600px.png\",\"datePublished\":\"2022-06-09T15:57:03+00:00\",\"dateModified\":\"2023-12-08T16:24:12+00:00\",\"breadcrumb\":{\"@id\":\"https:\/\/kmtraining.org\/training-modules-km-road-map-steps\/#breadcrumb\"},\"inLanguage\":\"fr-FR\",\"potentialAction\":[{\"@type\":\"ReadAction\",\"target\":[\"https:\/\/kmtraining.org\/training-modules-km-road-map-steps\/\"]}]},{\"@type\":\"ImageObject\",\"inLanguage\":\"fr-FR\",\"@id\":\"https:\/\/kmtraining.org\/training-modules-km-road-map-steps\/#primaryimage\",\"url\":\"https:\/\/kmtraining.org\/wp-content\/uploads\/2022\/05\/km-roadmap-steps-600px.png\",\"contentUrl\":\"https:\/\/kmtraining.org\/wp-content\/uploads\/2022\/05\/km-roadmap-steps-600px.png\"},{\"@type\":\"BreadcrumbList\",\"@id\":\"https:\/\/kmtraining.org\/training-modules-km-road-map-steps\/#breadcrumb\",\"itemListElement\":[{\"@type\":\"ListItem\",\"position\":1,\"name\":\"Home\",\"item\":\"https:\/\/kmtraining.org\/\"},{\"@type\":\"ListItem\",\"position\":2,\"name\":\"Training Modules: KM Road Map Steps\"}]},{\"@type\":\"WebSite\",\"@id\":\"https:\/\/kmtraining.org\/#website\",\"url\":\"https:\/\/kmtraining.org\/\",\"name\":\"Knowledge Management Training Package\",\"description\":\"\",\"potentialAction\":[{\"@type\":\"SearchAction\",\"target\":{\"@type\":\"EntryPoint\",\"urlTemplate\":\"https:\/\/kmtraining.org\/?s={search_term_string}\"},\"query-input\":{\"@type\":\"PropertyValueSpecification\",\"valueRequired\":true,\"valueName\":\"search_term_string\"}}],\"inLanguage\":\"fr-FR\"}]}<\/script>\n<!-- \/ Yoast SEO plugin. -->","yoast_head_json":{"title":"Training Modules: KM Road Map Steps - Knowledge Management Training Package","robots":{"index":"index","follow":"follow","max-snippet":"max-snippet:-1","max-image-preview":"max-image-preview:large","max-video-preview":"max-video-preview:-1"},"canonical":"https:\/\/kmtraining.org\/fr\/training-modules-km-road-map-steps\/","og_locale":"fr_FR","og_type":"article","og_title":"Training Modules: KM Road Map Steps - Knowledge Management Training Package","og_description":"The&nbsp;Knowledge Management Training Package for Global Health Programs&nbsp;was built around the Knowledge Management Road Map\u2014a five-step systematic process for generating, collecting, analyzing, synthesizing, and sharing knowledge\u2014developed by the&nbsp;Knowledge for Health Project. The five steps are: The KM Road Map Step training modules in this section relate to the steps in the KM Road Map. The first [&hellip;]","og_url":"https:\/\/kmtraining.org\/fr\/training-modules-km-road-map-steps\/","og_site_name":"Knowledge Management Training Package","article_modified_time":"2023-12-08T16:24:12+00:00","og_image":[{"url":"https:\/\/kmtraining.org\/wp-content\/uploads\/2022\/05\/km-roadmap-steps-600px.png","type":"","width":"","height":""}],"twitter_card":"summary_large_image","twitter_misc":{"Dur\u00e9e de lecture estim\u00e9e":"2 minutes"},"schema":{"@context":"https:\/\/schema.org","@graph":[{"@type":"WebPage","@id":"https:\/\/kmtraining.org\/training-modules-km-road-map-steps\/","url":"https:\/\/kmtraining.org\/training-modules-km-road-map-steps\/","name":"Training Modules: KM Road Map Steps - Knowledge Management Training Package","isPartOf":{"@id":"https:\/\/kmtraining.org\/#website"},"primaryImageOfPage":{"@id":"https:\/\/kmtraining.org\/training-modules-km-road-map-steps\/#primaryimage"},"image":{"@id":"https:\/\/kmtraining.org\/training-modules-km-road-map-steps\/#primaryimage"},"thumbnailUrl":"https:\/\/kmtraining.org\/wp-content\/uploads\/2022\/05\/km-roadmap-steps-600px.png","datePublished":"2022-06-09T15:57:03+00:00","dateModified":"2023-12-08T16:24:12+00:00","breadcrumb":{"@id":"https:\/\/kmtraining.org\/training-modules-km-road-map-steps\/#breadcrumb"},"inLanguage":"fr-FR","potentialAction":[{"@type":"ReadAction","target":["https:\/\/kmtraining.org\/training-modules-km-road-map-steps\/"]}]},{"@type":"ImageObject","inLanguage":"fr-FR","@id":"https:\/\/kmtraining.org\/training-modules-km-road-map-steps\/#primaryimage","url":"https:\/\/kmtraining.org\/wp-content\/uploads\/2022\/05\/km-roadmap-steps-600px.png","contentUrl":"https:\/\/kmtraining.org\/wp-content\/uploads\/2022\/05\/km-roadmap-steps-600px.png"},{"@type":"BreadcrumbList","@id":"https:\/\/kmtraining.org\/training-modules-km-road-map-steps\/#breadcrumb","itemListElement":[{"@type":"ListItem","position":1,"name":"Home","item":"https:\/\/kmtraining.org\/"},{"@type":"ListItem","position":2,"name":"Training Modules: KM Road Map Steps"}]},{"@type":"WebSite","@id":"https:\/\/kmtraining.org\/#website","url":"https:\/\/kmtraining.org\/","name":"Knowledge Management Training Package","description":"","potentialAction":[{"@type":"SearchAction","target":{"@type":"EntryPoint","urlTemplate":"https:\/\/kmtraining.org\/?s={search_term_string}"},"query-input":{"@type":"PropertyValueSpecification","valueRequired":true,"valueName":"search_term_string"}}],"inLanguage":"fr-FR"}]}},"featured_image_src":null,"featured_image_src_square":null,"_links":{"self":[{"href":"https:\/\/kmtraining.org\/fr\/wp-json\/wp\/v2\/pages\/3624","targetHints":{"allow":["GET"]}}],"collection":[{"href":"https:\/\/kmtraining.org\/fr\/wp-json\/wp\/v2\/pages"}],"about":[{"href":"https:\/\/kmtraining.org\/fr\/wp-json\/wp\/v2\/types\/page"}],"author":[{"embeddable":true,"href":"https:\/\/kmtraining.org\/fr\/wp-json\/wp\/v2\/users\/3"}],"replies":[{"embeddable":true,"href":"https:\/\/kmtraining.org\/fr\/wp-json\/wp\/v2\/comments?post=3624"}],"version-history":[{"count":0,"href":"https:\/\/kmtraining.org\/fr\/wp-json\/wp\/v2\/pages\/3624\/revisions"}],"wp:attachment":[{"href":"https:\/\/kmtraining.org\/fr\/wp-json\/wp\/v2\/media?parent=3624"}],"curies":[{"name":"wp","href":"https:\/\/api.w.org\/{rel}","templated":true}]}}